{"id":271,"date":"2023-09-29T08:24:13","date_gmt":"2023-09-29T08:24:13","guid":{"rendered":"https:\/\/heavenchocolate.hu\/klonteszt1\/?page_id=271"},"modified":"2024-02-07T13:36:16","modified_gmt":"2024-02-07T13:36:16","slug":"hogyan-kostoljunk","status":"publish","type":"page","link":"https:\/\/heavenchocolate.hu\/klonteszt1\/hogyan-kostoljunk\/","title":{"rendered":"Hogyan k\u00f3stoljunk?"},"content":{"rendered":"\t\t<div data-elementor-type=\"wp-page\" data-elementor-id=\"271\" class=\"elementor elementor-271\" data-elementor-post-type=\"page\">\n\t\t\t\t<div class=\"elementor-element elementor-element-1460209 e-flex e-con-boxed e-con e-parent\" data-id=\"1460209\" data-element_type=\"container\" data-settings=\"{&quot;background_background&quot;:&quot;classic&quot;}\">\n\t\t\t\t\t<div class=\"e-con-inner\">\n\t\t\t\t<div class=\"elementor-element elementor-element-b637ca3 elementor-widget elementor-widget-heading\" data-id=\"b637ca3\" data-element_type=\"widget\" data-widget_type=\"heading.default\">\n\t\t\t\t<div class=\"elementor-widget-container\">\n\t\t\t\t\t<h2 class=\"elementor-heading-title elementor-size-default\">Hogyan kostoljunk?<\/h2>\t\t\t\t<\/div>\n\t\t\t\t<\/div>\n\t\t\t\t\t<\/div>\n\t\t\t\t<\/div>\n\t\t<div class=\"elementor-element elementor-element-c5ff311 e-flex e-con-boxed e-con e-parent\" data-id=\"c5ff311\" data-element_type=\"container\">\n\t\t\t\t\t<div class=\"e-con-inner\">\n\t\t\t\t<div class=\"elementor-element elementor-element-c845257 elementor-widget elementor-widget-text-editor\" data-id=\"c845257\" data-element_type=\"widget\" data-widget_type=\"text-editor.default\">\n\t\t\t\t<div class=\"elementor-widget-container\">\n\t\t\t\t\t\t\t\t\t<p>A csokol\u00e1d\u00e9 ma is luxuscikk.<\/p><p>Vannak olcs\u00f3 , mindenf\u00e9le egy\u00e9b anyaggal d\u00fas\u00edtott term\u00e9kek, melyek azt az ill\u00fazi\u00f3t keltik, hogy kaptunk valamit a p\u00e9nz\u00fcnk\u00e9rt. \u00c1m a val\u00f3di min\u0151s\u00e9gi csokol\u00e1d\u00e9 sokkal t\u00f6bb enn\u00e9l. El\u0151sz\u00f6r is, gondoljunk bele, milyen kicsi az a ter\u00fclet a F\u00f6ld\u00fcnk\u00f6n, ahol a kaka\u00f3f\u00e1k \u00e9lnek. Csak az Egyenl\u00edt\u0151 ment\u00e9n , 20- 20 fok sz\u00e9less\u00e9gben , s ennek a ter\u00fcletnek j\u00f3 r\u00e9sze \u00f3ce\u00e1n.<br \/>A legnagyobb term\u0151ter\u00fclet Afrik\u00e1ban van, Gh\u00e1n\u00e1ban \u00e9s Elef\u00e1ntcsontparton. Itt b\u0151term\u0151 f\u00e1k adj\u00e1k a term\u00e9st , de a min\u0151s\u00e9g \u00e1tlagos .<br \/>A zamatos fajt\u00e1k f\u0151k\u00e9nt Amerika ter\u00fcletein tal\u00e1lhat\u00f3ak .( err\u0151l egy m\u00e1sik cikkben lesz majd sz\u00f3,<br \/>izgalmas ! )<\/p><p>Adjuk meg magunknak a lehet\u0151s\u00e9get, hogy a csokol\u00e1d\u00e9 elvar\u00e1zsoljon benn\u00fcnket !<br \/>Teh\u00e1t a tov\u00e1bbiakban ne keser\u0171 csokol\u00e1d\u00e9t, tejcsokol\u00e1d\u00e9t k\u00fcl\u00f6nb\u00f6ztess\u00fcnk meg, hanem<\/p><ul><li>\u00e9tcsokol\u00e1d\u00e9 fajt\u00e1kat<\/li><li>tejcsokol\u00e1d\u00e9 fajt\u00e1kat<\/li><li>feh\u00e9rcsokol\u00e1d\u00e9 fajt\u00e1kat<\/li><li>Ruby csokol\u00e1d\u00e9t<\/li><\/ul><p><strong>Fontos a k\u00fcls\u0151!<\/strong><\/p><p>Legyen eleg\u00e1ns, de praktikus a csomagol\u00e1s! Ha kibontjuk, legyen a csokol\u00e1d\u00e9 form\u00e1ja, mint\u00e1zata is izgalmas! Ha f\u00e9nyes , csillog\u00f3 a fel\u00fclete, akkor m\u00e1r bizakodhatunk .<\/p><h3>Illat<\/h3><p>Ha m\u00e1r kibont\u00e1skor k\u00fcl\u00f6nlegesen finom illat csapja meg orrunkat, akkor m\u00e1r mosolygunk is !<br \/>Csukjuk le a szem\u00fcnket, \u00e9s keress\u00fcnk eml\u00e9keket, hangulatokat, amivel \u00f6sszekapcsolhatjuk !<\/p><h3>Hang<\/h3><p>Egy t\u00e1bla csokol\u00e1d\u00e9 akkor j\u00f3, ha roppan . Ha csak \u00fagy tomp\u00e1n , nehezen lehet kett\u00e9t\u00f6rni, akkor bizony valami hiba t\u00f6rt\u00e9nt &#8230;<\/p><h3>\u00cdzlel\u00e9s<\/h3><p>Egy kis darabot vegy\u00fcnk a nyelv\u00fcnkre, \u00e9s hagyjuk ott elolvadni. Forgassuk a sz\u00e1nkban, hiszen nyelv\u00fcnk m\u00e1s- m\u00e1s ter\u00fclet\u00e9n \u00e9rezz\u00fck intenz\u00edvebben az \u00e9des, s\u00f3s, keser\u0171, savany\u00fa \u00edzeket .<\/p><p>Hasonl\u00f3an a bor k\u00f3stol\u00e1shoz, szippantsunk leveg\u0151t, \u00e9s hagyjuk kibontakozni az arom\u00e1kat.<br \/>Eg\u00e9szen \u00faj \u00e9lm\u00e9nyben lesz r\u00e9sz\u00fcnk !<br \/>A marad\u00e9kot gondosan csomagoljuk el, h\u0151t\u0151l, p\u00e1r\u00e1t\u00f3l k\u00fcl\u00f6n\u00f6sen v\u00e9dve!<br \/>Ne tegy\u00fck h\u0171t\u0151be. Ha nem hermetikusan lez\u00e1rt dobozban tartjuk, akkor nagyon gyorsan felveszi<br \/>a vele egy\u00fctt t\u00e1rolt \u00e9tel \u00edz\u00e9t. Ill\u00fazi\u00f3rombol\u00f3 egy s\u00fclt hal \u00edz\u0171 csokiba belek\u00f3stolni, ugye?<\/p><p>Ha t\u00falh\u0171tj\u00fck, akkor felenged\u00e9skor p\u00e1ra keletkezik a fel\u00fclet\u00e9n, szint\u00e9n \u00e1rt a min\u0151s\u00e9g\u00e9nek.<br \/>A legjobb, ha csak annyit v\u00e1s\u00e1rolunk, amennyit r\u00f6vid id\u0151 alatt elfogyasztunk.<\/p><p>\u00c9S NE FELEJTS\u00dcK EL , FRISSEN A LEGFINOMABB !<\/p><p>J\u00f3 k\u00f3stolgat\u00e1st !<\/p>\t\t\t\t\t\t\t\t<\/div>\n\t\t\t\t<\/div>\n\t\t\t\t\t<\/div>\n\t\t\t\t<\/div>\n\t\t\t\t<\/div>\n\t\t","protected":false},"excerpt":{"rendered":"<p>Hogyan kostoljunk? A csokol\u00e1d\u00e9 ma is luxuscikk. Vannak olcs\u00f3 , mindenf\u00e9le egy\u00e9b anyaggal d\u00fas\u00edtott term\u00e9kek, melyek azt az ill\u00fazi\u00f3t keltik, hogy kaptunk valamit a p\u00e9nz\u00fcnk\u00e9rt. \u00c1m a val\u00f3di min\u0151s\u00e9gi csokol\u00e1d\u00e9 sokkal t\u00f6bb enn\u00e9l. El\u0151sz\u00f6r is, gondoljunk bele, milyen kicsi az a ter\u00fclet a F\u00f6ld\u00fcnk\u00f6n, ahol a kaka\u00f3f\u00e1k \u00e9lnek. Csak az Egyenl\u00edt\u0151 ment\u00e9n , 20- 20 [&hellip;]<\/p>\n","protected":false},"author":4,"featured_media":0,"parent":0,"menu_order":0,"comment_status":"closed","ping_status":"closed","template":"","meta":{"site-sidebar-layout":"no-sidebar","site-content-layout":"page-builder","ast-site-content-layout":"full-width-container","site-content-style":"default","site-sidebar-style":"default","ast-global-header-display":"","ast-banner-title-visibility":"","ast-main-header-display":"","ast-hfb-above-header-display":"","ast-hfb-below-header-display":"","ast-hfb-mobile-header-display":"","site-post-title":"disabled","ast-breadcrumbs-content":"","ast-featured-img":"disabled","footer-sml-layout":"","theme-transparent-header-meta":"","adv-header-id-meta":"","stick-header-meta":"","header-above-stick-meta":"","header-main-stick-meta":"","header-below-stick-meta":"","astra-migrate-meta-layouts":"set","ast-page-background-enabled":"default","ast-page-background-meta":{"desktop":{"background-color":"var(--ast-global-color-4)","background-image":"","background-repeat":"repeat","background-position":"center center","background-size":"auto","background-attachment":"scroll","background-type":"","background-media":"","overlay-type":"","overlay-color":"","overlay-opacity":"","overlay-gradient":""},"tablet":{"background-color":"","background-image":"","background-repeat":"repeat","background-position":"center center","background-size":"auto","background-attachment":"scroll","background-type":"","background-media":"","overlay-type":"","overlay-color":"","overlay-opacity":"","overlay-gradient":""},"mobile":{"background-color":"","background-image":"","background-repeat":"repeat","background-position":"center center","background-size":"auto","background-attachment":"scroll","background-type":"","background-media":"","overlay-type":"","overlay-color":"","overlay-opacity":"","overlay-gradient":""}},"ast-content-background-meta":{"desktop":{"background-color":"var(--ast-global-color-5)","background-image":"","background-repeat":"repeat","background-position":"center center","background-size":"auto","background-attachment":"scroll","background-type":"","background-media":"","overlay-type":"","overlay-color":"","overlay-opacity":"","overlay-gradient":""},"tablet":{"background-color":"var(--ast-global-color-5)","background-image":"","background-repeat":"repeat","background-position":"center center","background-size":"auto","background-attachment":"scroll","background-type":"","background-media":"","overlay-type":"","overlay-color":"","overlay-opacity":"","overlay-gradient":""},"mobile":{"background-color":"var(--ast-global-color-5)","background-image":"","background-repeat":"repeat","background-position":"center center","background-size":"auto","background-attachment":"scroll","background-type":"","background-media":"","overlay-type":"","overlay-color":"","overlay-opacity":"","overlay-gradient":""}},"footnotes":""},"class_list":["post-271","page","type-page","status-publish","hentry"],"_links":{"self":[{"href":"https:\/\/heavenchocolate.hu\/klonteszt1\/wp-json\/wp\/v2\/pages\/271","targetHints":{"allow":["GET"]}}],"collection":[{"href":"https:\/\/heavenchocolate.hu\/klonteszt1\/wp-json\/wp\/v2\/pages"}],"about":[{"href":"https:\/\/heavenchocolate.hu\/klonteszt1\/wp-json\/wp\/v2\/types\/page"}],"author":[{"embeddable":true,"href":"https:\/\/heavenchocolate.hu\/klonteszt1\/wp-json\/wp\/v2\/users\/4"}],"replies":[{"embeddable":true,"href":"https:\/\/heavenchocolate.hu\/klonteszt1\/wp-json\/wp\/v2\/comments?post=271"}],"version-history":[{"count":8,"href":"https:\/\/heavenchocolate.hu\/klonteszt1\/wp-json\/wp\/v2\/pages\/271\/revisions"}],"predecessor-version":[{"id":443,"href":"https:\/\/heavenchocolate.hu\/klonteszt1\/wp-json\/wp\/v2\/pages\/271\/revisions\/443"}],"wp:attachment":[{"href":"https:\/\/heavenchocolate.hu\/klonteszt1\/wp-json\/wp\/v2\/media?parent=271"}],"curies":[{"name":"wp","href":"https:\/\/api.w.org\/{rel}","templated":true}]}}