{"id":863,"date":"2024-12-03T10:32:45","date_gmt":"2024-12-03T10:32:45","guid":{"rendered":"https:\/\/heavenchocolate.hu\/klonteszt1\/?page_id=863"},"modified":"2024-12-03T10:32:47","modified_gmt":"2024-12-03T10:32:47","slug":"egyedi-ceges-ajandek-duplicate-743","status":"publish","type":"page","link":"https:\/\/heavenchocolate.hu\/klonteszt1\/egyedi-ceges-ajandek-duplicate-743\/","title":{"rendered":"Egyedi, c\u00e9ges aj\u00e1nd\u00e9k &#8211; Duplicate &#8211; [#743]"},"content":{"rendered":"\t\t<div data-elementor-type=\"wp-page\" data-elementor-id=\"863\" class=\"elementor elementor-863\" data-elementor-post-type=\"page\">\n\t\t\t\t<div class=\"elementor-element elementor-element-sDjBBkx e-flex e-con-boxed e-con e-parent\" data-id=\"sDjBBkx\" data-element_type=\"container\" data-settings=\"{&quot;background_background&quot;:&quot;classic&quot;}\">\n\t\t\t\t\t<div class=\"e-con-inner\">\n\t\t<div class=\"elementor-element elementor-element-vOHvoP8 e-con-full e-flex e-con e-child\" data-id=\"vOHvoP8\" data-element_type=\"container\">\n\t\t<div class=\"elementor-element elementor-element-YAm1ro0 e-con-full e-flex elementor-invisible e-con e-child\" data-id=\"YAm1ro0\" data-element_type=\"container\" data-settings=\"{&quot;background_background&quot;:&quot;classic&quot;,&quot;animation&quot;:&quot;bounce&quot;}\">\n\t\t\t\t<div class=\"elementor-element elementor-element-cceb26c elementor-widget elementor-widget-image\" data-id=\"cceb26c\" data-element_type=\"widget\" data-widget_type=\"image.default\">\n\t\t\t\t<div class=\"elementor-widget-container\">\n\t\t\t\t\t\t\t\t\t\t\t\t\t\t\t<img fetchpriority=\"high\" decoding=\"async\" width=\"1024\" height=\"576\" src=\"https:\/\/heavenchocolate.hu\/klonteszt1\/wp-content\/uploads\/2024\/11\/DSC09225-masolat-1024x576.webp\" class=\"attachment-large size-large wp-image-747\" alt=\"\" srcset=\"https:\/\/heavenchocolate.hu\/klonteszt1\/wp-content\/uploads\/2024\/11\/DSC09225-masolat-1024x576.webp 1024w, https:\/\/heavenchocolate.hu\/klonteszt1\/wp-content\/uploads\/2024\/11\/DSC09225-masolat-300x169.webp 300w, https:\/\/heavenchocolate.hu\/klonteszt1\/wp-content\/uploads\/2024\/11\/DSC09225-masolat-768x432.webp 768w, https:\/\/heavenchocolate.hu\/klonteszt1\/wp-content\/uploads\/2024\/11\/DSC09225-masolat-600x338.webp 600w, https:\/\/heavenchocolate.hu\/klonteszt1\/wp-content\/uploads\/2024\/11\/DSC09225-masolat.webp 1500w\" sizes=\"(max-width: 1024px) 100vw, 1024px\" \/>\t\t\t\t\t\t\t\t\t\t\t\t\t\t\t<\/div>\n\t\t\t\t<\/div>\n\t\t\t\t<div class=\"elementor-element elementor-element-05FhCid elementor-widget elementor-widget-icon-box\" data-id=\"05FhCid\" data-element_type=\"widget\" data-widget_type=\"icon-box.default\">\n\t\t\t\t<div class=\"elementor-widget-container\">\n\t\t\t\t\t\t\t<div class=\"elementor-icon-box-wrapper\">\n\n\t\t\t\n\t\t\t\t\t\t<div class=\"elementor-icon-box-content\">\n\n\t\t\t\t\t\t\t\t\t<h4 class=\"elementor-icon-box-title\">\n\t\t\t\t\t\t<span  >\n\t\t\t\t\t\t\tEgyedi \u00e9s pr\u00e9mium min\u0151s\u00e9g\t\t\t\t\t\t<\/span>\n\t\t\t\t\t<\/h4>\n\t\t\t\t\n\t\t\t\t\t\t\t\t\t<p class=\"elementor-icon-box-description\">\n\t\t\t\t\t\tA Heaven Chocolate k\u00e9zm\u0171ves csokol\u00e1d\u00e9i gondosan v\u00e1logatott alapanyagokb\u00f3l k\u00e9sz\u00fclnek, hogy a legmagasabb min\u0151s\u00e9get ny\u00fajts\u00e1k. Minden egyes csokol\u00e1d\u00e9nkkal a 100%-n\u00e1l is jobb min\u0151s\u00e9gre t\u00f6reksz\u00fcnk!\t\t\t\t\t<\/p>\n\t\t\t\t\n\t\t\t<\/div>\n\t\t\t\n\t\t<\/div>\n\t\t\t\t\t\t<\/div>\n\t\t\t\t<\/div>\n\t\t\t\t<\/div>\n\t\t<div class=\"elementor-element elementor-element-b8pHFA3 e-con-full e-flex elementor-invisible e-con e-child\" data-id=\"b8pHFA3\" data-element_type=\"container\" data-settings=\"{&quot;background_background&quot;:&quot;classic&quot;,&quot;animation&quot;:&quot;bounce&quot;}\">\n\t\t\t\t<div class=\"elementor-element elementor-element-81e98c3 elementor-widget elementor-widget-image\" data-id=\"81e98c3\" data-element_type=\"widget\" data-widget_type=\"image.default\">\n\t\t\t\t<div class=\"elementor-widget-container\">\n\t\t\t\t\t\t\t\t\t\t\t\t\t\t\t<img decoding=\"async\" width=\"1024\" height=\"576\" data-src=\"https:\/\/heavenchocolate.hu\/klonteszt1\/wp-content\/uploads\/2024\/11\/DSC08787-masolat-1024x576.webp\" class=\"attachment-large size-large wp-image-748 lazyload\" alt=\"\" data-srcset=\"https:\/\/heavenchocolate.hu\/klonteszt1\/wp-content\/uploads\/2024\/11\/DSC08787-masolat-1024x576.webp 1024w, https:\/\/heavenchocolate.hu\/klonteszt1\/wp-content\/uploads\/2024\/11\/DSC08787-masolat-300x169.webp 300w, https:\/\/heavenchocolate.hu\/klonteszt1\/wp-content\/uploads\/2024\/11\/DSC08787-masolat-768x432.webp 768w, https:\/\/heavenchocolate.hu\/klonteszt1\/wp-content\/uploads\/2024\/11\/DSC08787-masolat-600x338.webp 600w, https:\/\/heavenchocolate.hu\/klonteszt1\/wp-content\/uploads\/2024\/11\/DSC08787-masolat.webp 1500w\" data-sizes=\"(max-width: 1024px) 100vw, 1024px\" src=\"data:image\/svg+xml;base64,PHN2ZyB3aWR0aD0iMSIgaGVpZ2h0PSIxIiB4bWxucz0iaHR0cDovL3d3dy53My5vcmcvMjAwMC9zdmciPjwvc3ZnPg==\" style=\"--smush-placeholder-width: 1024px; --smush-placeholder-aspect-ratio: 1024\/576;\" \/>\t\t\t\t\t\t\t\t\t\t\t\t\t\t\t<\/div>\n\t\t\t\t<\/div>\n\t\t\t\t<div class=\"elementor-element elementor-element-4lXWjjs elementor-widget elementor-widget-icon-box\" data-id=\"4lXWjjs\" data-element_type=\"widget\" data-widget_type=\"icon-box.default\">\n\t\t\t\t<div class=\"elementor-widget-container\">\n\t\t\t\t\t\t\t<div class=\"elementor-icon-box-wrapper\">\n\n\t\t\t\n\t\t\t\t\t\t<div class=\"elementor-icon-box-content\">\n\n\t\t\t\t\t\t\t\t\t<h4 class=\"elementor-icon-box-title\">\n\t\t\t\t\t\t<span  >\n\t\t\t\t\t\t\tSzem\u00e9lyre szabott megold\u00e1sok\t\t\t\t\t\t<\/span>\n\t\t\t\t\t<\/h4>\n\t\t\t\t\n\t\t\t\t\t\t\t\t\t<p class=\"elementor-icon-box-description\">\n\t\t\t\t\t\tSz\u00edvesen dolgozunk egy\u00fctt partnereinkkel egyedi csokol\u00e1d\u00e9k megalkot\u00e1s\u00e1ban, amelyek t\u00f6k\u00e9letesen illenek az \u00d6n esem\u00e9ny\u00e9hez vagy v\u00e1llalkoz\u00e1s\u00e1hoz. Legyen az egyedi csomagol\u00e1s, log\u00f3zott c\u00edmke a t\u00e1bl\u00e1s csokin vagy k\u00fcl\u00f6nleges \u00edzkombin\u00e1ci\u00f3, mi megval\u00f3s\u00edtjuk.\t\t\t\t\t<\/p>\n\t\t\t\t\n\t\t\t<\/div>\n\t\t\t\n\t\t<\/div>\n\t\t\t\t\t\t<\/div>\n\t\t\t\t<\/div>\n\t\t\t\t<\/div>\n\t\t<div class=\"elementor-element elementor-element-wcLUQfY e-con-full e-flex elementor-invisible e-con e-child\" data-id=\"wcLUQfY\" data-element_type=\"container\" data-settings=\"{&quot;background_background&quot;:&quot;classic&quot;,&quot;animation&quot;:&quot;bounceInUp&quot;}\">\n\t\t\t\t<div class=\"elementor-element elementor-element-756fd6a elementor-widget elementor-widget-image\" data-id=\"756fd6a\" data-element_type=\"widget\" data-widget_type=\"image.default\">\n\t\t\t\t<div class=\"elementor-widget-container\">\n\t\t\t\t\t\t\t\t\t\t\t\t\t\t\t<img decoding=\"async\" width=\"1024\" height=\"576\" data-src=\"https:\/\/heavenchocolate.hu\/klonteszt1\/wp-content\/uploads\/2024\/11\/DSC08841-masolat-1024x576.jpg\" class=\"attachment-large size-large wp-image-749 lazyload\" alt=\"\" data-srcset=\"https:\/\/heavenchocolate.hu\/klonteszt1\/wp-content\/uploads\/2024\/11\/DSC08841-masolat-1024x576.jpg 1024w, https:\/\/heavenchocolate.hu\/klonteszt1\/wp-content\/uploads\/2024\/11\/DSC08841-masolat-300x169.jpg 300w, https:\/\/heavenchocolate.hu\/klonteszt1\/wp-content\/uploads\/2024\/11\/DSC08841-masolat-768x432.jpg 768w, https:\/\/heavenchocolate.hu\/klonteszt1\/wp-content\/uploads\/2024\/11\/DSC08841-masolat-600x338.jpg 600w, https:\/\/heavenchocolate.hu\/klonteszt1\/wp-content\/uploads\/2024\/11\/DSC08841-masolat.jpg 1500w\" data-sizes=\"(max-width: 1024px) 100vw, 1024px\" src=\"data:image\/svg+xml;base64,PHN2ZyB3aWR0aD0iMSIgaGVpZ2h0PSIxIiB4bWxucz0iaHR0cDovL3d3dy53My5vcmcvMjAwMC9zdmciPjwvc3ZnPg==\" style=\"--smush-placeholder-width: 1024px; --smush-placeholder-aspect-ratio: 1024\/576;\" \/>\t\t\t\t\t\t\t\t\t\t\t\t\t\t\t<\/div>\n\t\t\t\t<\/div>\n\t\t\t\t<div class=\"elementor-element elementor-element-XkBNLqO elementor-widget elementor-widget-icon-box\" data-id=\"XkBNLqO\" data-element_type=\"widget\" data-widget_type=\"icon-box.default\">\n\t\t\t\t<div class=\"elementor-widget-container\">\n\t\t\t\t\t\t\t<div class=\"elementor-icon-box-wrapper\">\n\n\t\t\t\n\t\t\t\t\t\t<div class=\"elementor-icon-box-content\">\n\n\t\t\t\t\t\t\t\t\t<h4 class=\"elementor-icon-box-title\">\n\t\t\t\t\t\t<span  >\n\t\t\t\t\t\t\tKedvez\u0151 \u00e1rak\t\t\t\t\t\t<\/span>\n\t\t\t\t\t<\/h4>\n\t\t\t\t\n\t\t\t\t\t\t\t\t\t<p class=\"elementor-icon-box-description\">\n\t\t\t\t\t\tNagyobb mennyis\u00e9g\u0171 rendel\u00e9s eset\u00e9n kedvezm\u00e9nyes \u00e1rat biztos\u00edtunk, \u00edgy \u00d6n is kedvez\u0151bb \u00e1ron juthat hozz\u00e1 pr\u00e9mium min\u0151s\u00e9g\u0171 term\u00e9keinkhez.\t\t\t\t\t<\/p>\n\t\t\t\t\n\t\t\t<\/div>\n\t\t\t\n\t\t<\/div>\n\t\t\t\t\t\t<\/div>\n\t\t\t\t<\/div>\n\t\t\t\t<\/div>\n\t\t<div class=\"elementor-element elementor-element-b2e1e65 e-con-full e-flex elementor-invisible e-con e-child\" data-id=\"b2e1e65\" data-element_type=\"container\" data-settings=\"{&quot;background_background&quot;:&quot;classic&quot;,&quot;animation&quot;:&quot;bounceInUp&quot;}\">\n\t\t\t\t<div class=\"elementor-element elementor-element-49b1d8f elementor-widget elementor-widget-image\" data-id=\"49b1d8f\" data-element_type=\"widget\" data-widget_type=\"image.default\">\n\t\t\t\t<div class=\"elementor-widget-container\">\n\t\t\t\t\t\t\t\t\t\t\t\t\t\t\t<img decoding=\"async\" width=\"1024\" height=\"576\" data-src=\"https:\/\/heavenchocolate.hu\/klonteszt1\/wp-content\/uploads\/2024\/11\/DSC08843-masolat-1024x576.webp\" class=\"attachment-large size-large wp-image-757 lazyload\" alt=\"\" data-srcset=\"https:\/\/heavenchocolate.hu\/klonteszt1\/wp-content\/uploads\/2024\/11\/DSC08843-masolat-1024x576.webp 1024w, https:\/\/heavenchocolate.hu\/klonteszt1\/wp-content\/uploads\/2024\/11\/DSC08843-masolat-300x169.webp 300w, https:\/\/heavenchocolate.hu\/klonteszt1\/wp-content\/uploads\/2024\/11\/DSC08843-masolat-768x432.webp 768w, https:\/\/heavenchocolate.hu\/klonteszt1\/wp-content\/uploads\/2024\/11\/DSC08843-masolat-600x338.webp 600w, https:\/\/heavenchocolate.hu\/klonteszt1\/wp-content\/uploads\/2024\/11\/DSC08843-masolat.webp 1500w\" data-sizes=\"(max-width: 1024px) 100vw, 1024px\" src=\"data:image\/svg+xml;base64,PHN2ZyB3aWR0aD0iMSIgaGVpZ2h0PSIxIiB4bWxucz0iaHR0cDovL3d3dy53My5vcmcvMjAwMC9zdmciPjwvc3ZnPg==\" style=\"--smush-placeholder-width: 1024px; --smush-placeholder-aspect-ratio: 1024\/576;\" \/>\t\t\t\t\t\t\t\t\t\t\t\t\t\t\t<\/div>\n\t\t\t\t<\/div>\n\t\t\t\t<div class=\"elementor-element elementor-element-ggKbKx7 elementor-widget elementor-widget-icon-box\" data-id=\"ggKbKx7\" data-element_type=\"widget\" data-widget_type=\"icon-box.default\">\n\t\t\t\t<div class=\"elementor-widget-container\">\n\t\t\t\t\t\t\t<div class=\"elementor-icon-box-wrapper\">\n\n\t\t\t\n\t\t\t\t\t\t<div class=\"elementor-icon-box-content\">\n\n\t\t\t\t\t\t\t\t\t<h4 class=\"elementor-icon-box-title\">\n\t\t\t\t\t\t<span  >\n\t\t\t\t\t\t\tGyors \u00e9s megb\u00edzhat\u00f3 sz\u00e1ll\u00edt\u00e1s\t\t\t\t\t\t<\/span>\n\t\t\t\t\t<\/h4>\n\t\t\t\t\n\t\t\t\t\t\t\t\t\t<p class=\"elementor-icon-box-description\">\n\t\t\t\t\t\tRugalmass\u00e1gunknak \u00e9s megb\u00edzhat\u00f3s\u00e1gunknak k\u00f6sz\u00f6nhet\u0151en csokol\u00e1d\u00e9ink mindig id\u0151ben \u00e9rkeznek, legyen sz\u00f3 ak\u00e1r nagyobb rendezv\u00e9nyr\u0151l, ak\u00e1r folyamatos ell\u00e1t\u00e1sr\u00f3l.\t\t\t\t\t<\/p>\n\t\t\t\t\n\t\t\t<\/div>\n\t\t\t\n\t\t<\/div>\n\t\t\t\t\t\t<\/div>\n\t\t\t\t<\/div>\n\t\t\t\t<\/div>\n\t\t\t\t<\/div>\n\t\t<div class=\"elementor-element elementor-element-iyHUVCE e-con-full e-flex elementor-invisible e-con e-child\" data-id=\"iyHUVCE\" data-element_type=\"container\" data-settings=\"{&quot;background_background&quot;:&quot;classic&quot;,&quot;motion_fx_motion_fx_scrolling&quot;:&quot;yes&quot;,&quot;motion_fx_translateY_effect&quot;:&quot;yes&quot;,&quot;motion_fx_translateY_direction&quot;:&quot;negative&quot;,&quot;motion_fx_translateY_affectedRange&quot;:{&quot;unit&quot;:&quot;%&quot;,&quot;size&quot;:&quot;&quot;,&quot;sizes&quot;:{&quot;start&quot;:45,&quot;end&quot;:72}},&quot;motion_fx_devices&quot;:[&quot;widescreen&quot;,&quot;desktop&quot;,&quot;laptop&quot;],&quot;animation&quot;:&quot;slideInDown&quot;,&quot;motion_fx_translateY_speed&quot;:{&quot;unit&quot;:&quot;px&quot;,&quot;size&quot;:4,&quot;sizes&quot;:[]}}\">\n\t\t\t\t<div class=\"elementor-element elementor-element-cNnq3pi elementor-widget elementor-widget-heading\" data-id=\"cNnq3pi\" data-element_type=\"widget\" data-widget_type=\"heading.default\">\n\t\t\t\t<div class=\"elementor-widget-container\">\n\t\t\t\t\t<h2 class=\"elementor-heading-title elementor-size-default\">Aj\u00e1nd\u00e9kcsomagok c\u00e9gek sz\u00e1m\u00e1ra<\/h2>\t\t\t\t<\/div>\n\t\t\t\t<\/div>\n\t\t\t\t<div class=\"elementor-element elementor-element-9kuUb8X elementor-widget elementor-widget-text-editor\" data-id=\"9kuUb8X\" data-element_type=\"widget\" data-widget_type=\"text-editor.default\">\n\t\t\t\t<div class=\"elementor-widget-container\">\n\t\t\t\t\t\t\t\t\t<p>Vegye fel vel\u00fcnk a kapcsolatot telefonon a <span style=\"color: #ffffff;\"><a style=\"color: #ffffff;\" href=\"tel:06309207255\"><span style=\"color: #877539;\">06 30 920 72 55<\/span><\/a><\/span>-\u00f6s sz\u00e1mon, vagy \u00edrjon emailt az <span style=\"color: #877539;\"><a style=\"color: #877539;\" href=\"mailto:info@heavenchocolate.hu\">info@heavenchocolate.hu<\/a> <\/span>c\u00edmre. De haszn\u00e1lhatja az oldalon tal\u00e1lhat\u00f3 \u00fczenetk\u00fcld\u0151 alkalmaz\u00e1sunkat is!\u00a0<\/p>\t\t\t\t\t\t\t\t<\/div>\n\t\t\t\t<\/div>\n\t\t\t\t<div class=\"elementor-element elementor-element-0e1d2ff elementor-button-align-stretch elementor-widget elementor-widget-form\" data-id=\"0e1d2ff\" data-element_type=\"widget\" data-settings=\"{&quot;step_next_label&quot;:&quot;K\\u00f6vetkez\\u0151&quot;,&quot;step_previous_label&quot;:&quot;El\\u0151z\\u0151&quot;,&quot;button_width&quot;:&quot;100&quot;,&quot;step_type&quot;:&quot;number_text&quot;,&quot;step_icon_shape&quot;:&quot;circle&quot;}\" data-widget_type=\"form.default\">\n\t\t\t\t<div class=\"elementor-widget-container\">\n\t\t\t\t\t\t\t<form class=\"elementor-form\" method=\"post\" name=\"Egyedi megrendel\u00e9s\" aria-label=\"Egyedi megrendel\u00e9s\">\n\t\t\t<input type=\"hidden\" name=\"post_id\" value=\"863\"\/>\n\t\t\t<input type=\"hidden\" name=\"form_id\" value=\"0e1d2ff\"\/>\n\t\t\t<input type=\"hidden\" name=\"referer_title\" value=\"\" \/>\n\n\t\t\t\n\t\t\t<div class=\"elementor-form-fields-wrapper elementor-labels-\">\n\t\t\t\t\t\t\t\t<div class=\"elementor-field-type-text elementor-field-group elementor-column elementor-field-group-name elementor-col-100\">\n\t\t\t\t\t\t\t\t\t\t\t\t<label for=\"form-field-name\" class=\"elementor-field-label elementor-screen-only\">\n\t\t\t\t\t\t\t\tN\u00e9v\t\t\t\t\t\t\t<\/label>\n\t\t\t\t\t\t\t\t\t\t\t\t\t\t<input size=\"1\" type=\"text\" name=\"form_fields[name]\" id=\"form-field-name\" class=\"elementor-field elementor-size-md  elementor-field-textual\" placeholder=\"N\u00e9v\">\n\t\t\t\t\t\t\t\t\t\t\t<\/div>\n\t\t\t\t\t\t\t\t<div class=\"elementor-field-type-email elementor-field-group elementor-column elementor-field-group-email elementor-col-100 elementor-field-required\">\n\t\t\t\t\t\t\t\t\t\t\t\t<label for=\"form-field-email\" class=\"elementor-field-label elementor-screen-only\">\n\t\t\t\t\t\t\t\tEmail\t\t\t\t\t\t\t<\/label>\n\t\t\t\t\t\t\t\t\t\t\t\t\t\t<input size=\"1\" type=\"email\" name=\"form_fields[email]\" id=\"form-field-email\" class=\"elementor-field elementor-size-md  elementor-field-textual\" placeholder=\"Email\" required=\"required\">\n\t\t\t\t\t\t\t\t\t\t\t<\/div>\n\t\t\t\t\t\t\t\t<div class=\"elementor-field-type-tel elementor-field-group elementor-column elementor-field-group-field_b4213ce elementor-col-100 elementor-field-required\">\n\t\t\t\t\t\t\t\t\t\t\t\t<label for=\"form-field-field_b4213ce\" class=\"elementor-field-label elementor-screen-only\">\n\t\t\t\t\t\t\t\tTelefonz\u00e1m\t\t\t\t\t\t\t<\/label>\n\t\t\t\t\t\t\t\t<input size=\"1\" type=\"tel\" name=\"form_fields[field_b4213ce]\" id=\"form-field-field_b4213ce\" class=\"elementor-field elementor-size-md  elementor-field-textual\" placeholder=\"Telefonsz\u00e1m\" required=\"required\" pattern=\"[0-9()#&amp;+*-=.]+\" title=\"Only numbers and phone characters (#, -, *, etc) are accepted.\">\n\n\t\t\t\t\t\t<\/div>\n\t\t\t\t\t\t\t\t<div class=\"elementor-field-type-textarea elementor-field-group elementor-column elementor-field-group-message elementor-col-100\">\n\t\t\t\t\t\t\t\t\t\t\t\t<label for=\"form-field-message\" class=\"elementor-field-label elementor-screen-only\">\n\t\t\t\t\t\t\t\t\u00dczenet\t\t\t\t\t\t\t<\/label>\n\t\t\t\t\t\t<textarea class=\"elementor-field-textual elementor-field  elementor-size-md\" name=\"form_fields[message]\" id=\"form-field-message\" rows=\"4\" placeholder=\"R\u00e9szletek - Ide \u00edrhatja, hogy milyen elk\u00e9pzel\u00e9sei vannak, mire van sz\u00fcks\u00e9ge, \u00e9s milyen mennyis\u00e9gben.\"><\/textarea>\t\t\t\t<\/div>\n\t\t\t\t\t\t\t\t<div class=\"elementor-field-group elementor-column elementor-field-type-submit elementor-col-100 e-form__buttons\">\n\t\t\t\t\t<button class=\"elementor-button elementor-size-md\" type=\"submit\">\n\t\t\t\t\t\t<span class=\"elementor-button-content-wrapper\">\n\t\t\t\t\t\t\t\t\t\t\t\t\t\t\t\t\t\t\t\t\t\t<span class=\"elementor-button-text\">K\u00fcld\u00e9s<\/span>\n\t\t\t\t\t\t\t\t\t\t\t\t\t<\/span>\n\t\t\t\t\t<\/button>\n\t\t\t\t<\/div>\n\t\t\t<\/div>\n\t\t<\/form>\n\t\t\t\t\t\t<\/div>\n\t\t\t\t<\/div>\n\t\t\t\t<\/div>\n\t\t\t\t\t<\/div>\n\t\t\t\t<\/div>\n\t\t\t\t<\/div>\n\t\t","protected":false},"excerpt":{"rendered":"<p>Egyedi \u00e9s pr\u00e9mium min\u0151s\u00e9g A Heaven Chocolate k\u00e9zm\u0171ves csokol\u00e1d\u00e9i gondosan v\u00e1logatott alapanyagokb\u00f3l k\u00e9sz\u00fclnek, hogy a legmagasabb min\u0151s\u00e9get ny\u00fajts\u00e1k. Minden egyes csokol\u00e1d\u00e9nkkal a 100%-n\u00e1l is jobb min\u0151s\u00e9gre t\u00f6reksz\u00fcnk! Szem\u00e9lyre szabott megold\u00e1sok Sz\u00edvesen dolgozunk egy\u00fctt partnereinkkel egyedi csokol\u00e1d\u00e9k megalkot\u00e1s\u00e1ban, amelyek t\u00f6k\u00e9letesen illenek az \u00d6n esem\u00e9ny\u00e9hez vagy v\u00e1llalkoz\u00e1s\u00e1hoz. Legyen az egyedi csomagol\u00e1s, log\u00f3zott c\u00edmke a t\u00e1bl\u00e1s csokin vagy [&hellip;]<\/p>\n","protected":false},"author":5,"featured_media":0,"parent":0,"menu_order":0,"comment_status":"closed","ping_status":"closed","template":"","meta":{"site-sidebar-layout":"no-sidebar","site-content-layout":"page-builder","ast-site-content-layout":"full-width-container","site-content-style":"default","site-sidebar-style":"default","ast-global-header-display":"","ast-banner-title-visibility":"","ast-main-header-display":"","ast-hfb-above-header-display":"","ast-hfb-below-header-display":"","ast-hfb-mobile-header-display":"","site-post-title":"disabled","ast-breadcrumbs-content":"","ast-featured-img":"disabled","footer-sml-layout":"","theme-transparent-header-meta":"","adv-header-id-meta":"","stick-header-meta":"","header-above-stick-meta":"","header-main-stick-meta":"","header-below-stick-meta":"","astra-migrate-meta-layouts":"set","ast-page-background-enabled":"default","ast-page-background-meta":{"desktop":{"background-color":"var(--ast-global-color-4)","background-image":"","background-repeat":"repeat","background-position":"center center","background-size":"auto","background-attachment":"scroll","background-type":"","background-media":"","overlay-type":"","overlay-color":"","overlay-opacity":"","overlay-gradient":""},"tablet":{"background-color":"","background-image":"","background-repeat":"repeat","background-position":"center center","background-size":"auto","background-attachment":"scroll","background-type":"","background-media":"","overlay-type":"","overlay-color":"","overlay-opacity":"","overlay-gradient":""},"mobile":{"background-color":"","background-image":"","background-repeat":"repeat","background-position":"center center","background-size":"auto","background-attachment":"scroll","background-type":"","background-media":"","overlay-type":"","overlay-color":"","overlay-opacity":"","overlay-gradient":""}},"ast-content-background-meta":{"desktop":{"background-color":"var(--ast-global-color-5)","background-image":"","background-repeat":"repeat","background-position":"center center","background-size":"auto","background-attachment":"scroll","background-type":"","background-media":"","overlay-type":"","overlay-color":"","overlay-opacity":"","overlay-gradient":""},"tablet":{"background-color":"var(--ast-global-color-5)","background-image":"","background-repeat":"repeat","background-position":"center center","background-size":"auto","background-attachment":"scroll","background-type":"","background-media":"","overlay-type":"","overlay-color":"","overlay-opacity":"","overlay-gradient":""},"mobile":{"background-color":"var(--ast-global-color-5)","background-image":"","background-repeat":"repeat","background-position":"center center","background-size":"auto","background-attachment":"scroll","background-type":"","background-media":"","overlay-type":"","overlay-color":"","overlay-opacity":"","overlay-gradient":""}},"footnotes":""},"class_list":["post-863","page","type-page","status-publish","hentry"],"_links":{"self":[{"href":"https:\/\/heavenchocolate.hu\/klonteszt1\/wp-json\/wp\/v2\/pages\/863","targetHints":{"allow":["GET"]}}],"collection":[{"href":"https:\/\/heavenchocolate.hu\/klonteszt1\/wp-json\/wp\/v2\/pages"}],"about":[{"href":"https:\/\/heavenchocolate.hu\/klonteszt1\/wp-json\/wp\/v2\/types\/page"}],"author":[{"embeddable":true,"href":"https:\/\/heavenchocolate.hu\/klonteszt1\/wp-json\/wp\/v2\/users\/5"}],"replies":[{"embeddable":true,"href":"https:\/\/heavenchocolate.hu\/klonteszt1\/wp-json\/wp\/v2\/comments?post=863"}],"version-history":[{"count":1,"href":"https:\/\/heavenchocolate.hu\/klonteszt1\/wp-json\/wp\/v2\/pages\/863\/revisions"}],"predecessor-version":[{"id":864,"href":"https:\/\/heavenchocolate.hu\/klonteszt1\/wp-json\/wp\/v2\/pages\/863\/revisions\/864"}],"wp:attachment":[{"href":"https:\/\/heavenchocolate.hu\/klonteszt1\/wp-json\/wp\/v2\/media?parent=863"}],"curies":[{"name":"wp","href":"https:\/\/api.w.org\/{rel}","templated":true}]}}