{"id":14,"date":"2023-08-04T13:26:37","date_gmt":"2023-08-04T13:26:37","guid":{"rendered":"https:\/\/heavenchocolate.hu\/klonteszt1\/?post_type=product&#038;p=14"},"modified":"2023-11-01T14:23:30","modified_gmt":"2023-11-01T14:23:30","slug":"mogyoros-szelet-tej","status":"publish","type":"product","link":"https:\/\/heavenchocolate.hu\/klonteszt1\/termek\/mogyoros-szelet-tej\/","title":{"rendered":"Mogyor\u00f3s szelet tej"},"content":{"rendered":"<div class=\"MuiGrid-root MuiGrid-container NutritionHeader_main-title-container__t59gV\">\n<h3 class=\"MuiGrid-root MuiGrid-item MuiGrid-grid-xs-6 MuiGrid-grid-md-3 NutritionHeader_main-title__utJ6D\">\u00c1tlagos t\u00e1p\u00e9rt\u00e9k (100 g term\u00e9kben)<\/h3>\n<\/div>\n<div class=\"MuiGrid-root MuiGrid-container\">\n<h4 class=\"MuiGrid-root MuiGrid-grid-md-3\">Energia: 2142 KJ \/ 512 kcal<\/h4>\n<\/div>\n<table style=\"height: 372px;\" width=\"633\">\n<tbody>\n<tr>\n<th style=\"text-align: left;\">T\u00e1panyag<\/th>\n<th style=\"text-align: left;\">Mennyis\u00e9g<\/th>\n<\/tr>\n<tr>\n<td>Zs\u00edr<\/td>\n<td>32 g<\/td>\n<\/tr>\n<tr>\n<td>Tel\u00edtett zs\u00edrsavak<\/td>\n<td>15 g<\/td>\n<\/tr>\n<tr>\n<td>Sz\u00e9nhidr\u00e1t<\/td>\n<td>41 g<\/td>\n<\/tr>\n<tr>\n<td>Cukor<\/td>\n<td>36 g<\/td>\n<\/tr>\n<tr>\n<td>Feh\u00e9rje<\/td>\n<td>9 g<\/td>\n<\/tr>\n<tr>\n<td>S\u00f3<\/td>\n<td>0 g<\/td>\n<\/tr>\n<\/tbody>\n<\/table>\n","protected":false},"excerpt":{"rendered":"<p>A Great Taste verseny 2 csillagot nyert bonbonja. A k\u00fcl\u00f6nleges csokol\u00e1d\u00e9 burokban tal\u00e1lhat\u00f3 egy v\u00e9kony, savanyk\u00e1s kajszibarack r\u00e9teg, saj\u00e1t magunk \u00e1ltal p\u00f6rk\u00f6lt mogyor\u00f3b\u00f3l egy pralin\u00e9, valamint egy ostyat\u00f6rettel valamint roppan\u00f3s p\u00f6rk\u00f6lt mogyor\u00f3val k\u00e9sz\u00fclt ropog\u00f3s r\u00e9teg. A felt\u00fcntetett t\u00e1p\u00e9rt\u00e9k 100 g term\u00e9kre vonatkoznak.<\/p>\n","protected":false},"featured_media":16,"comment_status":"open","ping_status":"closed","template":"","meta":{"site-sidebar-layout":"default","site-content-layout":"default","ast-site-content-layout":"default","site-content-style":"default","site-sidebar-style":"default","ast-global-header-display":"","ast-banner-title-visibility":"","ast-main-header-display":"","ast-hfb-above-header-display":"","ast-hfb-below-header-display":"","ast-hfb-mobile-header-display":"","site-post-title":"","ast-breadcrumbs-content":"","ast-featured-img":"","footer-sml-layout":"","theme-transparent-header-meta":"default","adv-header-id-meta":"","stick-header-meta":"default","header-above-stick-meta":"","header-main-stick-meta":"","header-below-stick-meta":"","astra-migrate-meta-layouts":"set","ast-page-background-enabled":"default","ast-page-background-meta":{"desktop":{"background-color":"var(--ast-global-color-4)","background-image":"","background-repeat":"repeat","background-position":"center center","background-size":"auto","background-attachment":"scroll","background-type":"","background-media":"","overlay-type":"","overlay-color":"","overlay-opacity":"","overlay-gradient":""},"tablet":{"background-color":"","background-image":"","background-repeat":"repeat","background-position":"center center","background-size":"auto","background-attachment":"scroll","background-type":"","background-media":"","overlay-type":"","overlay-color":"","overlay-opacity":"","overlay-gradient":""},"mobile":{"background-color":"","background-image":"","background-repeat":"repeat","background-position":"center center","background-size":"auto","background-attachment":"scroll","background-type":"","background-media":"","overlay-type":"","overlay-color":"","overlay-opacity":"","overlay-gradient":""}},"ast-content-background-meta":{"desktop":{"background-color":"var(--ast-global-color-5)","background-image":"","background-repeat":"repeat","background-position":"center center","background-size":"auto","background-attachment":"scroll","background-type":"","background-media":"","overlay-type":"","overlay-color":"","overlay-opacity":"","overlay-gradient":""},"tablet":{"background-color":"var(--ast-global-color-5)","background-image":"","background-repeat":"repeat","background-position":"center center","background-size":"auto","background-attachment":"scroll","background-type":"","background-media":"","overlay-type":"","overlay-color":"","overlay-opacity":"","overlay-gradient":""},"mobile":{"background-color":"var(--ast-global-color-5)","background-image":"","background-repeat":"repeat","background-position":"center center","background-size":"auto","background-attachment":"scroll","background-type":"","background-media":"","overlay-type":"","overlay-color":"","overlay-opacity":"","overlay-gradient":""}}},"product_brand":[],"product_cat":[19],"product_tag":[],"class_list":{"0":"post-14","1":"product","2":"type-product","3":"status-publish","4":"has-post-thumbnail","6":"product_cat-husvet","7":"desktop-align-left","8":"tablet-align-left","9":"mobile-align-left","11":"first","12":"instock","13":"taxable","14":"shipping-taxable","15":"purchasable","16":"product-type-simple"},"_links":{"self":[{"href":"https:\/\/heavenchocolate.hu\/klonteszt1\/wp-json\/wp\/v2\/product\/14","targetHints":{"allow":["GET"]}}],"collection":[{"href":"https:\/\/heavenchocolate.hu\/klonteszt1\/wp-json\/wp\/v2\/product"}],"about":[{"href":"https:\/\/heavenchocolate.hu\/klonteszt1\/wp-json\/wp\/v2\/types\/product"}],"replies":[{"embeddable":true,"href":"https:\/\/heavenchocolate.hu\/klonteszt1\/wp-json\/wp\/v2\/comments?post=14"}],"wp:featuredmedia":[{"embeddable":true,"href":"https:\/\/heavenchocolate.hu\/klonteszt1\/wp-json\/wp\/v2\/media\/16"}],"wp:attachment":[{"href":"https:\/\/heavenchocolate.hu\/klonteszt1\/wp-json\/wp\/v2\/media?parent=14"}],"wp:term":[{"taxonomy":"product_brand","embeddable":true,"href":"https:\/\/heavenchocolate.hu\/klonteszt1\/wp-json\/wp\/v2\/product_brand?post=14"},{"taxonomy":"product_cat","embeddable":true,"href":"https:\/\/heavenchocolate.hu\/klonteszt1\/wp-json\/wp\/v2\/product_cat?post=14"},{"taxonomy":"product_tag","embeddable":true,"href":"https:\/\/heavenchocolate.hu\/klonteszt1\/wp-json\/wp\/v2\/product_tag?post=14"}],"curies":[{"name":"wp","href":"https:\/\/api.w.org\/{rel}","templated":true}]}}