{"id":227,"date":"2023-09-27T08:08:53","date_gmt":"2023-09-27T08:08:53","guid":{"rendered":"https:\/\/heavenchocolate.hu\/klonteszt1\/?post_type=product&#038;p=227"},"modified":"2023-09-27T08:08:53","modified_gmt":"2023-09-27T08:08:53","slug":"tuke-bonbon","status":"publish","type":"product","link":"https:\/\/heavenchocolate.hu\/klonteszt1\/termek\/tuke-bonbon\/","title":{"rendered":"T\u00fcke bonbon"},"content":{"rendered":"<div class=\"MuiGrid-root MuiGrid-container NutritionHeader_main-title-container__t59gV\">\n<h3 class=\"MuiGrid-root MuiGrid-item MuiGrid-grid-xs-6 MuiGrid-grid-md-3 NutritionHeader_main-title__utJ6D\">\u00c1tlagos t\u00e1p\u00e9rt\u00e9k (100 g term\u00e9kben)<\/h3>\n<\/div>\n<div class=\"MuiGrid-root MuiGrid-container\">\n<h4 class=\"MuiGrid-root MuiGrid-grid-md-3\">Energia: 1820 KJ \/ 435 kcal<\/h4>\n<\/div>\n<table style=\"height: 372px;\" width=\"633\">\n<tbody>\n<tr>\n<th style=\"text-align: left;\">T\u00e1panyag<\/th>\n<th style=\"text-align: left;\">Mennyis\u00e9g<\/th>\n<\/tr>\n<tr>\n<td>Zs\u00edr<\/td>\n<td>16,3 g<\/td>\n<\/tr>\n<tr>\n<td>Tel\u00edtett zs\u00edrsavak<\/td>\n<td>4,4 g<\/td>\n<\/tr>\n<tr>\n<td>Sz\u00e9nhidr\u00e1t<\/td>\n<td>24,8 g<\/td>\n<\/tr>\n<tr>\n<td>Cukor<\/td>\n<td>24,2 g<\/td>\n<\/tr>\n<tr>\n<td>Feh\u00e9rje<\/td>\n<td>4,8 g<\/td>\n<\/tr>\n<tr>\n<td>S\u00f3<\/td>\n<td>0 g<\/td>\n<\/tr>\n<\/tbody>\n<\/table>\n","protected":false},"excerpt":{"rendered":"<p>Egy pillanatra mindenki t\u0151sgy\u00f6keres, azaz t\u00fcke p\u00e9csinek \u00e9rezheti mag\u00e1t, aki megk\u00f3stolja ezt a k\u00edv\u00fcl-bel\u00fcl mecsekaljai bonbont. K\u00fclsej\u00e9ben a Zsolnay porcel\u00e1nmanufakt\u00fara eozinz\u00f6ldj\u00e9t hordozza, t\u00f6ltel\u00e9ke pedig nem m\u00e1s, mint egy jellegzetes helyi borral, a p\u00e9csi cirfandlival begy\u00fart finom mandulamarcip\u00e1n (a mandula szint\u00e9n megterem a mediterr\u00e1n v\u00e1ros hegyoldal\u00e1n). A p\u00e9csi cirfandli, a mandula \u00e9s a Zsolnay jellegzetes sz\u00ednvil\u00e1ga t\u00f6k\u00e9letesen p\u00e9csiv\u00e9 emeli ezt a bonbont. Glut\u00e9nt tartalmazhat.<\/p>\n","protected":false},"featured_media":228,"comment_status":"open","ping_status":"closed","template":"","meta":{"site-sidebar-layout":"default","site-content-layout":"","ast-site-content-layout":"default","site-content-style":"default","site-sidebar-style":"default","ast-global-header-display":"","ast-banner-title-visibility":"","ast-main-header-display":"","ast-hfb-above-header-display":"","ast-hfb-below-header-display":"","ast-hfb-mobile-header-display":"","site-post-title":"","ast-breadcrumbs-content":"","ast-featured-img":"","footer-sml-layout":"","theme-transparent-header-meta":"default","adv-header-id-meta":"","stick-header-meta":"default","header-above-stick-meta":"","header-main-stick-meta":"","header-below-stick-meta":"","astra-migrate-meta-layouts":"set","ast-page-background-enabled":"default","ast-page-background-meta":{"desktop":{"background-color":"var(--ast-global-color-4)","background-image":"","background-repeat":"repeat","background-position":"center center","background-size":"auto","background-attachment":"scroll","background-type":"","background-media":"","overlay-type":"","overlay-color":"","overlay-opacity":"","overlay-gradient":""},"tablet":{"background-color":"","background-image":"","background-repeat":"repeat","background-position":"center center","background-size":"auto","background-attachment":"scroll","background-type":"","background-media":"","overlay-type":"","overlay-color":"","overlay-opacity":"","overlay-gradient":""},"mobile":{"background-color":"","background-image":"","background-repeat":"repeat","background-position":"center center","background-size":"auto","background-attachment":"scroll","background-type":"","background-media":"","overlay-type":"","overlay-color":"","overlay-opacity":"","overlay-gradient":""}},"ast-content-background-meta":{"desktop":{"background-color":"var(--ast-global-color-5)","background-image":"","background-repeat":"repeat","background-position":"center center","background-size":"auto","background-attachment":"scroll","background-type":"","background-media":"","overlay-type":"","overlay-color":"","overlay-opacity":"","overlay-gradient":""},"tablet":{"background-color":"var(--ast-global-color-5)","background-image":"","background-repeat":"repeat","background-position":"center center","background-size":"auto","background-attachment":"scroll","background-type":"","background-media":"","overlay-type":"","overlay-color":"","overlay-opacity":"","overlay-gradient":""},"mobile":{"background-color":"var(--ast-global-color-5)","background-image":"","background-repeat":"repeat","background-position":"center center","background-size":"auto","background-attachment":"scroll","background-type":"","background-media":"","overlay-type":"","overlay-color":"","overlay-opacity":"","overlay-gradient":""}}},"product_brand":[],"product_cat":[16],"product_tag":[43],"class_list":{"0":"post-227","1":"product","2":"type-product","3":"status-publish","4":"has-post-thumbnail","6":"product_cat-bonbonok","7":"product_tag-bonbon","8":"desktop-align-left","9":"tablet-align-left","10":"mobile-align-left","12":"first","13":"instock","14":"taxable","15":"shipping-taxable","16":"purchasable","17":"product-type-simple"},"_links":{"self":[{"href":"https:\/\/heavenchocolate.hu\/klonteszt1\/wp-json\/wp\/v2\/product\/227","targetHints":{"allow":["GET"]}}],"collection":[{"href":"https:\/\/heavenchocolate.hu\/klonteszt1\/wp-json\/wp\/v2\/product"}],"about":[{"href":"https:\/\/heavenchocolate.hu\/klonteszt1\/wp-json\/wp\/v2\/types\/product"}],"replies":[{"embeddable":true,"href":"https:\/\/heavenchocolate.hu\/klonteszt1\/wp-json\/wp\/v2\/comments?post=227"}],"wp:featuredmedia":[{"embeddable":true,"href":"https:\/\/heavenchocolate.hu\/klonteszt1\/wp-json\/wp\/v2\/media\/228"}],"wp:attachment":[{"href":"https:\/\/heavenchocolate.hu\/klonteszt1\/wp-json\/wp\/v2\/media?parent=227"}],"wp:term":[{"taxonomy":"product_brand","embeddable":true,"href":"https:\/\/heavenchocolate.hu\/klonteszt1\/wp-json\/wp\/v2\/product_brand?post=227"},{"taxonomy":"product_cat","embeddable":true,"href":"https:\/\/heavenchocolate.hu\/klonteszt1\/wp-json\/wp\/v2\/product_cat?post=227"},{"taxonomy":"product_tag","embeddable":true,"href":"https:\/\/heavenchocolate.hu\/klonteszt1\/wp-json\/wp\/v2\/product_tag?post=227"}],"curies":[{"name":"wp","href":"https:\/\/api.w.org\/{rel}","templated":true}]}}