{"id":26,"date":"2023-08-04T14:03:20","date_gmt":"2023-08-04T14:03:20","guid":{"rendered":"https:\/\/heavenchocolate.hu\/klonteszt1\/?post_type=product&#038;p=26"},"modified":"2023-08-04T14:03:20","modified_gmt":"2023-08-04T14:03:20","slug":"klasszik-tejcsokolade","status":"publish","type":"product","link":"https:\/\/heavenchocolate.hu\/klonteszt1\/termek\/klasszik-tejcsokolade\/","title":{"rendered":"Klasszik tejcsokol\u00e1d\u00e9"},"content":{"rendered":"<div class=\"MuiGrid-root MuiGrid-container NutritionHeader_main-title-container__t59gV\">\n<h3 class=\"MuiGrid-root MuiGrid-item MuiGrid-grid-xs-6 MuiGrid-grid-md-3 NutritionHeader_main-title__utJ6D\">\u00c1tlagos t\u00e1p\u00e9rt\u00e9k (100 g term\u00e9kben)<\/h3>\n<\/div>\n<div class=\"MuiGrid-root MuiGrid-container\">\n<h4 class=\"MuiGrid-root MuiGrid-grid-md-3\">Energia: 2330 KJ \/ 557 kcal<\/h4>\n<\/div>\n<table style=\"height: 372px;\" width=\"633\">\n<tbody>\n<tr>\n<th style=\"text-align: left;\">T\u00e1panyag<\/th>\n<th style=\"text-align: left;\">Mennyis\u00e9g<\/th>\n<\/tr>\n<tr>\n<td>Zs\u00edr<\/td>\n<td>36 g<\/td>\n<\/tr>\n<tr>\n<td>Tel\u00edtett zs\u00edrsavak<\/td>\n<td>22 g<\/td>\n<\/tr>\n<tr>\n<td>Sz\u00e9nhidr\u00e1t<\/td>\n<td>46 g<\/td>\n<\/tr>\n<tr>\n<td>Cukor<\/td>\n<td>45 g<\/td>\n<\/tr>\n<tr>\n<td>Feh\u00e9rje<\/td>\n<td>8,5 g<\/td>\n<\/tr>\n<tr>\n<td>S\u00f3<\/td>\n<td>0,2 g<\/td>\n<\/tr>\n<\/tbody>\n<\/table>\n","protected":false},"excerpt":{"rendered":"<p>Mondhatn\u00e1nk, hogy a kezd\u0151k csokol\u00e1d\u00e9ja, hiszen a 41% (de az\u00e9rt magas) kaka\u00f3tartalommal rendelkez\u0151 roppant kellemes, l\u00e1gy, selymes \u00edzvil\u00e1g\u00fa t\u00e1bla bel\u00e9p\u0151 a szakavatottak vil\u00e1g\u00e1ba. Ez az \u00edzvil\u00e1g, amely kis mogyor\u00f3s lecseng\u00e9ssel aj\u00e1nd\u00e9kozza meg k\u00f3stol\u00f3j\u00e1t, felk\u00e9sz\u00edt a karakteresebb csokikompoz\u00edci\u00f3kra. Vagy nem. Mert vannak \u201ekiz\u00e1r\u00f3lagtejcsokitvagyokhajland\u00f3enni\u201d-fogyaszt\u00f3k, akik ezzel a t\u00e1bl\u00e1val lesznek igaz\u00e1n boldogok. Mi pedig tudjuk, hogy szerezz\u00fcnk nekik \u00f6r\u00f6met.<\/p>\n","protected":false},"featured_media":27,"comment_status":"open","ping_status":"closed","template":"","meta":{"site-sidebar-layout":"default","site-content-layout":"default","ast-site-content-layout":"","site-content-style":"default","site-sidebar-style":"default","ast-global-header-display":"","ast-banner-title-visibility":"","ast-main-header-display":"","ast-hfb-above-header-display":"","ast-hfb-below-header-display":"","ast-hfb-mobile-header-display":"","site-post-title":"","ast-breadcrumbs-content":"","ast-featured-img":"","footer-sml-layout":"","theme-transparent-header-meta":"default","adv-header-id-meta":"","stick-header-meta":"","header-above-stick-meta":"","header-main-stick-meta":"","header-below-stick-meta":"","astra-migrate-meta-layouts":"default","ast-page-background-enabled":"default","ast-page-background-meta":{"desktop":{"background-color":"var(--ast-global-color-4)","background-image":"","background-repeat":"repeat","background-position":"center center","background-size":"auto","background-attachment":"scroll","background-type":"","background-media":"","overlay-type":"","overlay-color":"","overlay-opacity":"","overlay-gradient":""},"tablet":{"background-color":"","background-image":"","background-repeat":"repeat","background-position":"center center","background-size":"auto","background-attachment":"scroll","background-type":"","background-media":"","overlay-type":"","overlay-color":"","overlay-opacity":"","overlay-gradient":""},"mobile":{"background-color":"","background-image":"","background-repeat":"repeat","background-position":"center center","background-size":"auto","background-attachment":"scroll","background-type":"","background-media":"","overlay-type":"","overlay-color":"","overlay-opacity":"","overlay-gradient":""}},"ast-content-background-meta":{"desktop":{"background-color":"var(--ast-global-color-5)","background-image":"","background-repeat":"repeat","background-position":"center center","background-size":"auto","background-attachment":"scroll","background-type":"","background-media":"","overlay-type":"","overlay-color":"","overlay-opacity":"","overlay-gradient":""},"tablet":{"background-color":"var(--ast-global-color-5)","background-image":"","background-repeat":"repeat","background-position":"center center","background-size":"auto","background-attachment":"scroll","background-type":"","background-media":"","overlay-type":"","overlay-color":"","overlay-opacity":"","overlay-gradient":""},"mobile":{"background-color":"var(--ast-global-color-5)","background-image":"","background-repeat":"repeat","background-position":"center center","background-size":"auto","background-attachment":"scroll","background-type":"","background-media":"","overlay-type":"","overlay-color":"","overlay-opacity":"","overlay-gradient":""}}},"product_brand":[],"product_cat":[15],"product_tag":[],"class_list":{"0":"post-26","1":"product","2":"type-product","3":"status-publish","4":"has-post-thumbnail","6":"product_cat-tablas-csokik","7":"desktop-align-left","8":"tablet-align-left","9":"mobile-align-left","11":"first","12":"instock","13":"taxable","14":"shipping-taxable","15":"purchasable","16":"product-type-simple"},"_links":{"self":[{"href":"https:\/\/heavenchocolate.hu\/klonteszt1\/wp-json\/wp\/v2\/product\/26","targetHints":{"allow":["GET"]}}],"collection":[{"href":"https:\/\/heavenchocolate.hu\/klonteszt1\/wp-json\/wp\/v2\/product"}],"about":[{"href":"https:\/\/heavenchocolate.hu\/klonteszt1\/wp-json\/wp\/v2\/types\/product"}],"replies":[{"embeddable":true,"href":"https:\/\/heavenchocolate.hu\/klonteszt1\/wp-json\/wp\/v2\/comments?post=26"}],"wp:featuredmedia":[{"embeddable":true,"href":"https:\/\/heavenchocolate.hu\/klonteszt1\/wp-json\/wp\/v2\/media\/27"}],"wp:attachment":[{"href":"https:\/\/heavenchocolate.hu\/klonteszt1\/wp-json\/wp\/v2\/media?parent=26"}],"wp:term":[{"taxonomy":"product_brand","embeddable":true,"href":"https:\/\/heavenchocolate.hu\/klonteszt1\/wp-json\/wp\/v2\/product_brand?post=26"},{"taxonomy":"product_cat","embeddable":true,"href":"https:\/\/heavenchocolate.hu\/klonteszt1\/wp-json\/wp\/v2\/product_cat?post=26"},{"taxonomy":"product_tag","embeddable":true,"href":"https:\/\/heavenchocolate.hu\/klonteszt1\/wp-json\/wp\/v2\/product_tag?post=26"}],"curies":[{"name":"wp","href":"https:\/\/api.w.org\/{rel}","templated":true}]}}