{"id":35,"date":"2023-08-04T20:42:07","date_gmt":"2023-08-04T20:42:07","guid":{"rendered":"https:\/\/heavenchocolate.hu\/klonteszt1\/?post_type=product&#038;p=35"},"modified":"2023-08-04T20:42:07","modified_gmt":"2023-08-04T20:42:07","slug":"haiti-termoterulet-szelektalt-etcsokolade","status":"publish","type":"product","link":"https:\/\/heavenchocolate.hu\/klonteszt1\/termek\/haiti-termoterulet-szelektalt-etcsokolade\/","title":{"rendered":"Haiti term\u0151ter\u00fclet szelekt\u00e1lt \u00e9tcsokol\u00e1d\u00e9"},"content":{"rendered":"<div class=\"MuiGrid-root MuiGrid-container NutritionHeader_main-title-container__t59gV\">\n<h3 class=\"MuiGrid-root MuiGrid-item MuiGrid-grid-xs-6 MuiGrid-grid-md-3 NutritionHeader_main-title__utJ6D\">\u00c1tlagos t\u00e1p\u00e9rt\u00e9k (100 g term\u00e9kben)<\/h3>\n<\/div>\n<div class=\"MuiGrid-root MuiGrid-container\">\n<h4 class=\"MuiGrid-root MuiGrid-grid-md-3\">Energia: 2335 KJ \/ 558 kcal<\/h4>\n<\/div>\n<table style=\"height: 372px;\" width=\"633\">\n<tbody>\n<tr>\n<th style=\"text-align: left;\">T\u00e1panyag<\/th>\n<th style=\"text-align: left;\">Mennyis\u00e9g<\/th>\n<\/tr>\n<tr>\n<td>Zs\u00edr<\/td>\n<td>40,2 g<\/td>\n<\/tr>\n<tr>\n<td>Tel\u00edtett zs\u00edrsavak<\/td>\n<td>21,4 g<\/td>\n<\/tr>\n<tr>\n<td>Sz\u00e9nhidr\u00e1t<\/td>\n<td>35,8 g<\/td>\n<\/tr>\n<tr>\n<td>Cukor<\/td>\n<td>32,2 g<\/td>\n<\/tr>\n<tr>\n<td>Feh\u00e9rje<\/td>\n<td>7,1 g<\/td>\n<\/tr>\n<tr>\n<td>S\u00f3<\/td>\n<td>0,01 g<\/td>\n<\/tr>\n<\/tbody>\n<\/table>\n","protected":false},"excerpt":{"rendered":"<p>Tr\u00f3pus, hurrik\u00e1nok, fesztiv\u00e1lok \u2013 mint ami a karibi t\u00e9rs\u00e9gben tal\u00e1lhat\u00f3 Haitit jellemzi, azok a tulajdons\u00e1gok lelhet\u0151k fel ebben az e term\u0151ter\u00fcletr\u0151l sz\u00e1rmaz\u00f3 kaka\u00f3babokb\u00f3l k\u00e9sz\u00fclt \u00e9tcsokol\u00e1d\u00e9ban. Enyhe, finom bitternest, azaz keserny\u00e9ss\u00e9g, ami nem azt jelenti, hogy keser\u0171 ez a csoki. Tal\u00e1n ahogy a sz\u00e1raz \u00edzvil\u00e1g a borokn\u00e1l, \u00fagy van ez a csokol\u00e1d\u00e9n\u00e1l is. Emellett egy kis mang\u00f3, illetve cseppnyi citrusoss\u00e1g teszi izgalmass\u00e1 a kompoz\u00edci\u00f3t. No meg a megjelen\u00e9s! Az \u00f6nt\u0151form\u00e1t nevezz\u00fck egyszer\u0171en f\u00f6ldreng\u00e9snek, a csoki fel\u00fclet\u00e9n a sok csillog\u00f3 t\u00f6r\u00e9svonal pedig azt a k\u00e9pzetet kelti, hogy itt valami nagy er\u0151kkel mozdul meg a m\u00e9lyben. Hogy mi, megtudod, ha megk\u00f3stolod!<\/p>\n","protected":false},"featured_media":36,"comment_status":"open","ping_status":"closed","template":"","meta":{"site-sidebar-layout":"default","site-content-layout":"default","ast-site-content-layout":"","site-content-style":"default","site-sidebar-style":"default","ast-global-header-display":"","ast-banner-title-visibility":"","ast-main-header-display":"","ast-hfb-above-header-display":"","ast-hfb-below-header-display":"","ast-hfb-mobile-header-display":"","site-post-title":"","ast-breadcrumbs-content":"","ast-featured-img":"","footer-sml-layout":"","theme-transparent-header-meta":"default","adv-header-id-meta":"","stick-header-meta":"","header-above-stick-meta":"","header-main-stick-meta":"","header-below-stick-meta":"","astra-migrate-meta-layouts":"default","ast-page-background-enabled":"default","ast-page-background-meta":{"desktop":{"background-color":"var(--ast-global-color-4)","background-image":"","background-repeat":"repeat","background-position":"center center","background-size":"auto","background-attachment":"scroll","background-type":"","background-media":"","overlay-type":"","overlay-color":"","overlay-opacity":"","overlay-gradient":""},"tablet":{"background-color":"","background-image":"","background-repeat":"repeat","background-position":"center center","background-size":"auto","background-attachment":"scroll","background-type":"","background-media":"","overlay-type":"","overlay-color":"","overlay-opacity":"","overlay-gradient":""},"mobile":{"background-color":"","background-image":"","background-repeat":"repeat","background-position":"center center","background-size":"auto","background-attachment":"scroll","background-type":"","background-media":"","overlay-type":"","overlay-color":"","overlay-opacity":"","overlay-gradient":""}},"ast-content-background-meta":{"desktop":{"background-color":"var(--ast-global-color-5)","background-image":"","background-repeat":"repeat","background-position":"center center","background-size":"auto","background-attachment":"scroll","background-type":"","background-media":"","overlay-type":"","overlay-color":"","overlay-opacity":"","overlay-gradient":""},"tablet":{"background-color":"var(--ast-global-color-5)","background-image":"","background-repeat":"repeat","background-position":"center center","background-size":"auto","background-attachment":"scroll","background-type":"","background-media":"","overlay-type":"","overlay-color":"","overlay-opacity":"","overlay-gradient":""},"mobile":{"background-color":"var(--ast-global-color-5)","background-image":"","background-repeat":"repeat","background-position":"center center","background-size":"auto","background-attachment":"scroll","background-type":"","background-media":"","overlay-type":"","overlay-color":"","overlay-opacity":"","overlay-gradient":""}}},"product_brand":[],"product_cat":[15],"product_tag":[],"class_list":{"0":"post-35","1":"product","2":"type-product","3":"status-publish","4":"has-post-thumbnail","6":"product_cat-tablas-csokik","7":"desktop-align-left","8":"tablet-align-left","9":"mobile-align-left","11":"first","12":"instock","13":"taxable","14":"shipping-taxable","15":"purchasable","16":"product-type-simple"},"_links":{"self":[{"href":"https:\/\/heavenchocolate.hu\/klonteszt1\/wp-json\/wp\/v2\/product\/35","targetHints":{"allow":["GET"]}}],"collection":[{"href":"https:\/\/heavenchocolate.hu\/klonteszt1\/wp-json\/wp\/v2\/product"}],"about":[{"href":"https:\/\/heavenchocolate.hu\/klonteszt1\/wp-json\/wp\/v2\/types\/product"}],"replies":[{"embeddable":true,"href":"https:\/\/heavenchocolate.hu\/klonteszt1\/wp-json\/wp\/v2\/comments?post=35"}],"wp:featuredmedia":[{"embeddable":true,"href":"https:\/\/heavenchocolate.hu\/klonteszt1\/wp-json\/wp\/v2\/media\/36"}],"wp:attachment":[{"href":"https:\/\/heavenchocolate.hu\/klonteszt1\/wp-json\/wp\/v2\/media?parent=35"}],"wp:term":[{"taxonomy":"product_brand","embeddable":true,"href":"https:\/\/heavenchocolate.hu\/klonteszt1\/wp-json\/wp\/v2\/product_brand?post=35"},{"taxonomy":"product_cat","embeddable":true,"href":"https:\/\/heavenchocolate.hu\/klonteszt1\/wp-json\/wp\/v2\/product_cat?post=35"},{"taxonomy":"product_tag","embeddable":true,"href":"https:\/\/heavenchocolate.hu\/klonteszt1\/wp-json\/wp\/v2\/product_tag?post=35"}],"curies":[{"name":"wp","href":"https:\/\/api.w.org\/{rel}","templated":true}]}}