{"id":39,"date":"2023-08-04T20:53:57","date_gmt":"2023-08-04T20:53:57","guid":{"rendered":"https:\/\/heavenchocolate.hu\/klonteszt1\/?post_type=product&#038;p=39"},"modified":"2023-08-04T20:53:57","modified_gmt":"2023-08-04T20:53:57","slug":"peru-termoterulet-szelektalt-etcsokolade","status":"publish","type":"product","link":"https:\/\/heavenchocolate.hu\/klonteszt1\/termek\/peru-termoterulet-szelektalt-etcsokolade\/","title":{"rendered":"Peru term\u0151ter\u00fclet szelekt\u00e1lt \u00e9tcsokol\u00e1d\u00e9"},"content":{"rendered":"<div class=\"MuiGrid-root MuiGrid-container NutritionHeader_main-title-container__t59gV\">\n<h3 class=\"MuiGrid-root MuiGrid-item MuiGrid-grid-xs-6 MuiGrid-grid-md-3 NutritionHeader_main-title__utJ6D\">\u00c1tlagos t\u00e1p\u00e9rt\u00e9k (100 g term\u00e9kben)<\/h3>\n<\/div>\n<div class=\"MuiGrid-root MuiGrid-container\">\n<h4 class=\"MuiGrid-root MuiGrid-grid-md-3\">Energia: 2284 KJ \/ 546 kcal<\/h4>\n<\/div>\n<table style=\"height: 372px;\" width=\"633\">\n<tbody>\n<tr>\n<th style=\"text-align: left;\">T\u00e1panyag<\/th>\n<th style=\"text-align: left;\">Mennyis\u00e9g<\/th>\n<\/tr>\n<tr>\n<td>Zs\u00edr<\/td>\n<td>38 g<\/td>\n<\/tr>\n<tr>\n<td>Tel\u00edtett zs\u00edrsavak<\/td>\n<td>23 g<\/td>\n<\/tr>\n<tr>\n<td>Sz\u00e9nhidr\u00e1t<\/td>\n<td>36 g<\/td>\n<\/tr>\n<tr>\n<td>Cukor<\/td>\n<td>32 g<\/td>\n<\/tr>\n<tr>\n<td>Feh\u00e9rje<\/td>\n<td>7,5 g<\/td>\n<\/tr>\n<tr>\n<td>S\u00f3<\/td>\n<td>0,02 g<\/td>\n<\/tr>\n<\/tbody>\n<\/table>\n","protected":false},"excerpt":{"rendered":"<p>Az Inka Birodalom egykori haz\u00e1ja, a Machu Picchu, a Nazca-kult\u00fara, 4-6000 m magas hegyek, tr\u00f3pusi \u0151serd\u0151k otthona \u2013 ez Peru, innen \u00e9rkezett a legjobb min\u0151s\u00e9get k\u00e9pvisel\u0151 krioj\u00f3 kaka\u00f3bab, amelyb\u0151l ez a k\u00fcl\u00f6nleges \u00e9tcsokol\u00e1d\u00e9 k\u00e9sz\u00fclt. Nemcsak a t\u00f6rt\u00e9nelem, hanem a h\u0171v\u00f6s naps\u00fct\u00e9s \u00e9s a meleg sz\u00e9l is ott hagyta nyom\u00e1t a bio min\u0151s\u00edt\u00e9s\u0171 kaka\u00f3szemeken, hogy a legmagasabb \u00e9lvezeti \u00e9rt\u00e9ket ny\u00fajts\u00e1k csokol\u00e1d\u00e9k\u00e9nt. El\u0151sz\u00f6r kiss\u00e9 savas, piros gy\u00fcm\u00f6lcs\u00f6s \u00edzjegyekkel tal\u00e1lkozunk, majd egy igaz\u00e1n hosszan lecseng\u0151 er\u0151s kaka\u00f3s \u00edzt \u00e9rz\u00fcnk e t\u00e1bla k\u00f3stol\u00e1sakor. Tal\u00e1n m\u00e9g az Andok zen\u00e9je is felcsend\u00fcl a f\u00fcl\u00fcnkben\u2026<\/p>\n","protected":false},"featured_media":40,"comment_status":"open","ping_status":"closed","template":"","meta":{"site-sidebar-layout":"default","site-content-layout":"default","ast-site-content-layout":"","site-content-style":"default","site-sidebar-style":"default","ast-global-header-display":"","ast-banner-title-visibility":"","ast-main-header-display":"","ast-hfb-above-header-display":"","ast-hfb-below-header-display":"","ast-hfb-mobile-header-display":"","site-post-title":"","ast-breadcrumbs-content":"","ast-featured-img":"","footer-sml-layout":"","theme-transparent-header-meta":"default","adv-header-id-meta":"","stick-header-meta":"","header-above-stick-meta":"","header-main-stick-meta":"","header-below-stick-meta":"","astra-migrate-meta-layouts":"default","ast-page-background-enabled":"default","ast-page-background-meta":{"desktop":{"background-color":"var(--ast-global-color-4)","background-image":"","background-repeat":"repeat","background-position":"center center","background-size":"auto","background-attachment":"scroll","background-type":"","background-media":"","overlay-type":"","overlay-color":"","overlay-opacity":"","overlay-gradient":""},"tablet":{"background-color":"","background-image":"","background-repeat":"repeat","background-position":"center center","background-size":"auto","background-attachment":"scroll","background-type":"","background-media":"","overlay-type":"","overlay-color":"","overlay-opacity":"","overlay-gradient":""},"mobile":{"background-color":"","background-image":"","background-repeat":"repeat","background-position":"center center","background-size":"auto","background-attachment":"scroll","background-type":"","background-media":"","overlay-type":"","overlay-color":"","overlay-opacity":"","overlay-gradient":""}},"ast-content-background-meta":{"desktop":{"background-color":"var(--ast-global-color-5)","background-image":"","background-repeat":"repeat","background-position":"center center","background-size":"auto","background-attachment":"scroll","background-type":"","background-media":"","overlay-type":"","overlay-color":"","overlay-opacity":"","overlay-gradient":""},"tablet":{"background-color":"var(--ast-global-color-5)","background-image":"","background-repeat":"repeat","background-position":"center center","background-size":"auto","background-attachment":"scroll","background-type":"","background-media":"","overlay-type":"","overlay-color":"","overlay-opacity":"","overlay-gradient":""},"mobile":{"background-color":"var(--ast-global-color-5)","background-image":"","background-repeat":"repeat","background-position":"center center","background-size":"auto","background-attachment":"scroll","background-type":"","background-media":"","overlay-type":"","overlay-color":"","overlay-opacity":"","overlay-gradient":""}}},"product_brand":[],"product_cat":[15],"product_tag":[],"class_list":{"0":"post-39","1":"product","2":"type-product","3":"status-publish","4":"has-post-thumbnail","6":"product_cat-tablas-csokik","7":"desktop-align-left","8":"tablet-align-left","9":"mobile-align-left","11":"first","12":"instock","13":"taxable","14":"shipping-taxable","15":"purchasable","16":"product-type-simple"},"_links":{"self":[{"href":"https:\/\/heavenchocolate.hu\/klonteszt1\/wp-json\/wp\/v2\/product\/39","targetHints":{"allow":["GET"]}}],"collection":[{"href":"https:\/\/heavenchocolate.hu\/klonteszt1\/wp-json\/wp\/v2\/product"}],"about":[{"href":"https:\/\/heavenchocolate.hu\/klonteszt1\/wp-json\/wp\/v2\/types\/product"}],"replies":[{"embeddable":true,"href":"https:\/\/heavenchocolate.hu\/klonteszt1\/wp-json\/wp\/v2\/comments?post=39"}],"wp:featuredmedia":[{"embeddable":true,"href":"https:\/\/heavenchocolate.hu\/klonteszt1\/wp-json\/wp\/v2\/media\/40"}],"wp:attachment":[{"href":"https:\/\/heavenchocolate.hu\/klonteszt1\/wp-json\/wp\/v2\/media?parent=39"}],"wp:term":[{"taxonomy":"product_brand","embeddable":true,"href":"https:\/\/heavenchocolate.hu\/klonteszt1\/wp-json\/wp\/v2\/product_brand?post=39"},{"taxonomy":"product_cat","embeddable":true,"href":"https:\/\/heavenchocolate.hu\/klonteszt1\/wp-json\/wp\/v2\/product_cat?post=39"},{"taxonomy":"product_tag","embeddable":true,"href":"https:\/\/heavenchocolate.hu\/klonteszt1\/wp-json\/wp\/v2\/product_tag?post=39"}],"curies":[{"name":"wp","href":"https:\/\/api.w.org\/{rel}","templated":true}]}}