{"id":394,"date":"2023-12-21T16:19:31","date_gmt":"2023-12-21T16:19:31","guid":{"rendered":"https:\/\/heavenchocolate.hu\/klonteszt1\/?post_type=product&#038;p=394"},"modified":"2024-10-12T09:57:51","modified_gmt":"2024-10-12T09:57:51","slug":"kek-bogyos-szerelem-afonya-zselevelfekete-berkenye-palinkaval-toltott-feketeribizlis-csokolade-bonbon","status":"publish","type":"product","link":"https:\/\/heavenchocolate.hu\/klonteszt1\/termek\/kek-bogyos-szerelem-afonya-zselevelfekete-berkenye-palinkaval-toltott-feketeribizlis-csokolade-bonbon\/","title":{"rendered":"K\u00e9k bogy\u00f3s szerelem \u00e1fonya zsel\u00e9vel,fekete berkenye p\u00e1link\u00e1val t\u00f6lt\u00f6tt feketeribizlis csokol\u00e1d\u00e9 Bonbon"},"content":{"rendered":"<p>2023 az \u00e9v p\u00e1link\u00e1s bonbonja versenyen arany fokozatot el\u00e9rt K\u00e9k bogy\u00f3s szerelem . \u00c1fonya zsel\u00e9, feketeribizlis csokol\u00e1d\u00e9, fekete berkenye p\u00e1link\u00e1val<br \/>\n600ft\/db<\/p>\n","protected":false},"excerpt":{"rendered":"<p>2023 az \u00e9v p\u00e1link\u00e1s bonbonja versenyen arany fokozatot el\u00e9rt K\u00e9k bogy\u00f3s szerelem . \u00c1fonya zsel\u00e9, feketeribizlis csokol\u00e1d\u00e9, fekete berkenye p\u00e1link\u00e1val 600ft\/db<\/p>\n","protected":false},"featured_media":395,"comment_status":"open","ping_status":"closed","template":"","meta":{"site-sidebar-layout":"default","site-content-layout":"","ast-site-content-layout":"default","site-content-style":"default","site-sidebar-style":"default","ast-global-header-display":"","ast-banner-title-visibility":"","ast-main-header-display":"","ast-hfb-above-header-display":"","ast-hfb-below-header-display":"","ast-hfb-mobile-header-display":"","site-post-title":"","ast-breadcrumbs-content":"","ast-featured-img":"","footer-sml-layout":"","theme-transparent-header-meta":"default","adv-header-id-meta":"","stick-header-meta":"default","header-above-stick-meta":"","header-main-stick-meta":"","header-below-stick-meta":"","astra-migrate-meta-layouts":"set","ast-page-background-enabled":"default","ast-page-background-meta":{"desktop":{"background-color":"var(--ast-global-color-4)","background-image":"","background-repeat":"repeat","background-position":"center center","background-size":"auto","background-attachment":"scroll","background-type":"","background-media":"","overlay-type":"","overlay-color":"","overlay-opacity":"","overlay-gradient":""},"tablet":{"background-color":"","background-image":"","background-repeat":"repeat","background-position":"center center","background-size":"auto","background-attachment":"scroll","background-type":"","background-media":"","overlay-type":"","overlay-color":"","overlay-opacity":"","overlay-gradient":""},"mobile":{"background-color":"","background-image":"","background-repeat":"repeat","background-position":"center center","background-size":"auto","background-attachment":"scroll","background-type":"","background-media":"","overlay-type":"","overlay-color":"","overlay-opacity":"","overlay-gradient":""}},"ast-content-background-meta":{"desktop":{"background-color":"var(--ast-global-color-5)","background-image":"","background-repeat":"repeat","background-position":"center center","background-size":"auto","background-attachment":"scroll","background-type":"","background-media":"","overlay-type":"","overlay-color":"","overlay-opacity":"","overlay-gradient":""},"tablet":{"background-color":"var(--ast-global-color-5)","background-image":"","background-repeat":"repeat","background-position":"center center","background-size":"auto","background-attachment":"scroll","background-type":"","background-media":"","overlay-type":"","overlay-color":"","overlay-opacity":"","overlay-gradient":""},"mobile":{"background-color":"var(--ast-global-color-5)","background-image":"","background-repeat":"repeat","background-position":"center center","background-size":"auto","background-attachment":"scroll","background-type":"","background-media":"","overlay-type":"","overlay-color":"","overlay-opacity":"","overlay-gradient":""}}},"product_brand":[],"product_cat":[16],"product_tag":[],"class_list":{"0":"post-394","1":"product","2":"type-product","3":"status-publish","4":"has-post-thumbnail","6":"product_cat-bonbonok","7":"desktop-align-left","8":"tablet-align-left","9":"mobile-align-left","11":"first","12":"instock","13":"taxable","14":"shipping-taxable","15":"purchasable","16":"product-type-simple"},"_links":{"self":[{"href":"https:\/\/heavenchocolate.hu\/klonteszt1\/wp-json\/wp\/v2\/product\/394","targetHints":{"allow":["GET"]}}],"collection":[{"href":"https:\/\/heavenchocolate.hu\/klonteszt1\/wp-json\/wp\/v2\/product"}],"about":[{"href":"https:\/\/heavenchocolate.hu\/klonteszt1\/wp-json\/wp\/v2\/types\/product"}],"replies":[{"embeddable":true,"href":"https:\/\/heavenchocolate.hu\/klonteszt1\/wp-json\/wp\/v2\/comments?post=394"}],"wp:featuredmedia":[{"embeddable":true,"href":"https:\/\/heavenchocolate.hu\/klonteszt1\/wp-json\/wp\/v2\/media\/395"}],"wp:attachment":[{"href":"https:\/\/heavenchocolate.hu\/klonteszt1\/wp-json\/wp\/v2\/media?parent=394"}],"wp:term":[{"taxonomy":"product_brand","embeddable":true,"href":"https:\/\/heavenchocolate.hu\/klonteszt1\/wp-json\/wp\/v2\/product_brand?post=394"},{"taxonomy":"product_cat","embeddable":true,"href":"https:\/\/heavenchocolate.hu\/klonteszt1\/wp-json\/wp\/v2\/product_cat?post=394"},{"taxonomy":"product_tag","embeddable":true,"href":"https:\/\/heavenchocolate.hu\/klonteszt1\/wp-json\/wp\/v2\/product_tag?post=394"}],"curies":[{"name":"wp","href":"https:\/\/api.w.org\/{rel}","templated":true}]}}